{"id":14,"date":"2020-10-29T12:55:34","date_gmt":"2020-10-29T12:55:34","guid":{"rendered":"https:\/\/pixellapp.com\/about-us\/"},"modified":"2023-06-02T11:06:28","modified_gmt":"2023-06-02T09:06:28","slug":"about-us","status":"publish","type":"page","link":"https:\/\/pixellapp.com\/de\/about-us\/","title":{"rendered":"\u00dcber uns"},"content":{"rendered":"<div data-elementor-type=\"wp-page\" data-elementor-id=\"14\" class=\"elementor elementor-14\" data-elementor-post-type=\"page\">\n\t\t\t\t\t\t<section class=\"elementor-section elementor-top-section elementor-element elementor-element-371e341 elementor-section-height-min-height elementor-section-items-bottom elementor-section-boxed elementor-section-height-default\" data-id=\"371e341\" data-element_type=\"section\">\n\t\t\t\t\t\t\t<div class=\"elementor-background-overlay\"><\/div>\n\t\t\t\t\t\t\t<div class=\"elementor-container elementor-column-gap-no\">\n\t\t\t\t\t<div class=\"elementor-column elementor-col-50 elementor-top-column elementor-element elementor-element-007f03a\" data-id=\"007f03a\" data-element_type=\"column\">\n\t\t\t<div class=\"elementor-widget-wrap elementor-element-populated\">\n\t\t\t\t\t\t<div class=\"elementor-element elementor-element-4086b8e elementor-widget-divider--view-line elementor-widget elementor-widget-divider\" data-id=\"4086b8e\" data-element_type=\"widget\" data-widget_type=\"divider.default\">\n\t\t\t\t<div class=\"elementor-widget-container\">\n\t\t\t\t\t\t\t<div class=\"elementor-divider\">\n\t\t\t<span class=\"elementor-divider-separator\">\n\t\t\t\t\t\t<\/span>\n\t\t<\/div>\n\t\t\t\t\t\t<\/div>\n\t\t\t\t<\/div>\n\t\t\t\t\t<\/div>\n\t\t<\/div>\n\t\t\t\t<div class=\"elementor-column elementor-col-50 elementor-top-column elementor-element elementor-element-17048ea\" data-id=\"17048ea\" data-element_type=\"column\">\n\t\t\t<div class=\"elementor-widget-wrap elementor-element-populated\">\n\t\t\t\t\t\t<div class=\"elementor-element elementor-element-56886c0 elementor-widget elementor-widget-heading\" data-id=\"56886c0\" data-element_type=\"widget\" data-widget_type=\"heading.default\">\n\t\t\t\t<div class=\"elementor-widget-container\">\n\t\t\t\t\t<h1 class=\"elementor-heading-title elementor-size-default\">\u00dcber uns<br><\/h1>\t\t\t\t<\/div>\n\t\t\t\t<\/div>\n\t\t\t\t\t<\/div>\n\t\t<\/div>\n\t\t\t\t\t<\/div>\n\t\t<\/section>\n\t\t\t\t<section class=\"elementor-section elementor-top-section elementor-element elementor-element-44f99fe elementor-section-boxed elementor-section-height-default elementor-section-height-default\" data-id=\"44f99fe\" data-element_type=\"section\">\n\t\t\t\t\t\t<div class=\"elementor-container elementor-column-gap-no\">\n\t\t\t\t\t<div class=\"elementor-column elementor-col-50 elementor-top-column elementor-element elementor-element-e2a398e\" data-id=\"e2a398e\" data-element_type=\"column\">\n\t\t\t<div class=\"elementor-widget-wrap elementor-element-populated\">\n\t\t\t\t\t\t<div class=\"elementor-element elementor-element-8da031c elementor-widget elementor-widget-heading\" data-id=\"8da031c\" data-element_type=\"widget\" data-widget_type=\"heading.default\">\n\t\t\t\t<div class=\"elementor-widget-container\">\n\t\t\t\t\t<h5 class=\"elementor-heading-title elementor-size-default\">Vision<\/h5>\t\t\t\t<\/div>\n\t\t\t\t<\/div>\n\t\t\t\t\t<\/div>\n\t\t<\/div>\n\t\t\t\t<div class=\"elementor-column elementor-col-50 elementor-top-column elementor-element elementor-element-4207888\" data-id=\"4207888\" data-element_type=\"column\">\n\t\t\t<div class=\"elementor-widget-wrap elementor-element-populated\">\n\t\t\t\t\t\t<div class=\"elementor-element elementor-element-b6c128f elementor-widget elementor-widget-heading\" data-id=\"b6c128f\" data-element_type=\"widget\" data-widget_type=\"heading.default\">\n\t\t\t\t<div class=\"elementor-widget-container\">\n\t\t\t\t\t<h2 class=\"elementor-heading-title elementor-size-default\">Willkommen bei Pixellapp!<\/h2>\t\t\t\t<\/div>\n\t\t\t\t<\/div>\n\t\t\t\t<div class=\"elementor-element elementor-element-9b58108 elementor-widget elementor-widget-heading\" data-id=\"9b58108\" data-element_type=\"widget\" data-widget_type=\"heading.default\">\n\t\t\t\t<div class=\"elementor-widget-container\">\n\t\t\t\t\t<p class=\"elementor-heading-title elementor-size-default\">Wir sind ein junges und dynamisches Softwareunternehmen, das von einer Leidenschaft f\u00fcr Innovation angetrieben wird. Unsere Mission ist es, die Gesch\u00e4ftswelt zu revolutionieren, indem wir die Leistungsf\u00e4higkeit der k\u00fcnstlichen Intelligenz (KI) nutzen, um atemberaubende Bilder und Grafiken zu erstellen.<\/p>\t\t\t\t<\/div>\n\t\t\t\t<\/div>\n\t\t\t\t\t<\/div>\n\t\t<\/div>\n\t\t\t\t\t<\/div>\n\t\t<\/section>\n\t\t\t\t<section class=\"elementor-section elementor-top-section elementor-element elementor-element-58a2c21 elementor-section-boxed elementor-section-height-default elementor-section-height-default\" data-id=\"58a2c21\" data-element_type=\"section\">\n\t\t\t\t\t\t<div class=\"elementor-container elementor-column-gap-no\">\n\t\t\t\t\t<div class=\"elementor-column elementor-col-50 elementor-top-column elementor-element elementor-element-72c3c00\" data-id=\"72c3c00\" data-element_type=\"column\">\n\t\t\t<div class=\"elementor-widget-wrap elementor-element-populated\">\n\t\t\t\t\t\t<div class=\"elementor-element elementor-element-0855a37 elementor-widget elementor-widget-heading\" data-id=\"0855a37\" data-element_type=\"widget\" data-widget_type=\"heading.default\">\n\t\t\t\t<div class=\"elementor-widget-container\">\n\t\t\t\t\t<h4 class=\"elementor-heading-title elementor-size-default\">Unsere Vision<\/h4>\t\t\t\t<\/div>\n\t\t\t\t<\/div>\n\t\t\t\t\t<\/div>\n\t\t<\/div>\n\t\t\t\t<div class=\"elementor-column elementor-col-50 elementor-top-column elementor-element elementor-element-fdc19b3\" data-id=\"fdc19b3\" data-element_type=\"column\" data-settings=\"{&quot;background_background&quot;:&quot;classic&quot;}\">\n\t\t\t<div class=\"elementor-widget-wrap elementor-element-populated\">\n\t\t\t\t\t\t<div class=\"elementor-element elementor-element-7fde911 elementor-widget elementor-widget-text-editor\" data-id=\"7fde911\" data-element_type=\"widget\" data-widget_type=\"text-editor.default\">\n\t\t\t\t<div class=\"elementor-widget-container\">\n\t\t\t\t\t\t\t\t\t<p>Wir bei Pixellapp glauben, dass visuelle Elemente eine entscheidende Rolle f\u00fcr den Erfolg eines jeden Unternehmens spielen. Wir wissen, wie wichtig fesselnde Designs und \u00fcberzeugende Bilder sind, um bei Ihrer Zielgruppe einen bleibenden Eindruck zu hinterlassen. Vor diesem Hintergrund haben wir eine bahnbrechende KI-gest\u00fctzte Plattform entwickelt, die es Unternehmen erm\u00f6glicht, m\u00fchelos hochwertige Bilder f\u00fcr ihre Marketing- und Branding-Anforderungen zu erstellen.<\/p>\t\t\t\t\t\t\t\t<\/div>\n\t\t\t\t<\/div>\n\t\t\t\t\t<\/div>\n\t\t<\/div>\n\t\t\t\t\t<\/div>\n\t\t<\/section>\n\t\t\t\t<section class=\"elementor-section elementor-top-section elementor-element elementor-element-ec0e4cb elementor-section-boxed elementor-section-height-default elementor-section-height-default\" data-id=\"ec0e4cb\" data-element_type=\"section\">\n\t\t\t\t\t\t<div class=\"elementor-container elementor-column-gap-no\">\n\t\t\t\t\t<div class=\"elementor-column elementor-col-50 elementor-top-column elementor-element elementor-element-9b97def\" data-id=\"9b97def\" data-element_type=\"column\">\n\t\t\t<div class=\"elementor-widget-wrap elementor-element-populated\">\n\t\t\t\t\t\t<div class=\"elementor-element elementor-element-c3b4336 elementor-widget elementor-widget-heading\" data-id=\"c3b4336\" data-element_type=\"widget\" data-widget_type=\"heading.default\">\n\t\t\t\t<div class=\"elementor-widget-container\">\n\t\t\t\t\t<h4 class=\"elementor-heading-title elementor-size-default\">Modernste KI-Technologie<\/h4>\t\t\t\t<\/div>\n\t\t\t\t<\/div>\n\t\t\t\t\t<\/div>\n\t\t<\/div>\n\t\t\t\t<div class=\"elementor-column elementor-col-50 elementor-top-column elementor-element elementor-element-ec27db3\" data-id=\"ec27db3\" data-element_type=\"column\" data-settings=\"{&quot;background_background&quot;:&quot;classic&quot;}\">\n\t\t\t<div class=\"elementor-widget-wrap elementor-element-populated\">\n\t\t\t\t\t\t<div class=\"elementor-element elementor-element-ec4a6f8 elementor-widget elementor-widget-text-editor\" data-id=\"ec4a6f8\" data-element_type=\"widget\" data-widget_type=\"text-editor.default\">\n\t\t\t\t<div class=\"elementor-widget-container\">\n\t\t\t\t\t\t\t\t\t<p>Wir bei Pixellapp glauben, dass visuelle Elemente eine entscheidende Rolle f\u00fcr den Erfolg eines jeden Unternehmens spielen. Wir wissen, wie wichtig fesselnde Designs und \u00fcberzeugende Bilder sind, um bei Ihrer Zielgruppe einen bleibenden Eindruck zu hinterlassen. Vor diesem Hintergrund haben wir eine bahnbrechende KI-gest\u00fctzte Plattform entwickelt, die es Unternehmen erm\u00f6glicht, m\u00fchelos hochwertige Bilder f\u00fcr ihre Marketing- und Branding-Anforderungen zu erstellen.<\/p>\t\t\t\t\t\t\t\t<\/div>\n\t\t\t\t<\/div>\n\t\t\t\t\t<\/div>\n\t\t<\/div>\n\t\t\t\t\t<\/div>\n\t\t<\/section>\n\t\t\t\t<section class=\"elementor-section elementor-top-section elementor-element elementor-element-5cb4418 elementor-section-boxed elementor-section-height-default elementor-section-height-default\" data-id=\"5cb4418\" data-element_type=\"section\">\n\t\t\t\t\t\t<div class=\"elementor-container elementor-column-gap-no\">\n\t\t\t\t\t<div class=\"elementor-column elementor-col-50 elementor-top-column elementor-element elementor-element-5591de3\" data-id=\"5591de3\" data-element_type=\"column\">\n\t\t\t<div class=\"elementor-widget-wrap elementor-element-populated\">\n\t\t\t\t\t\t<div class=\"elementor-element elementor-element-19ea4da elementor-widget elementor-widget-heading\" data-id=\"19ea4da\" data-element_type=\"widget\" data-widget_type=\"heading.default\">\n\t\t\t\t<div class=\"elementor-widget-container\">\n\t\t\t\t\t<h4 class=\"elementor-heading-title elementor-size-default\">Benutzerfreundlichkeit und Anpassung<\/h4>\t\t\t\t<\/div>\n\t\t\t\t<\/div>\n\t\t\t\t\t<\/div>\n\t\t<\/div>\n\t\t\t\t<div class=\"elementor-column elementor-col-50 elementor-top-column elementor-element elementor-element-9f906f2\" data-id=\"9f906f2\" data-element_type=\"column\" data-settings=\"{&quot;background_background&quot;:&quot;classic&quot;}\">\n\t\t\t<div class=\"elementor-widget-wrap elementor-element-populated\">\n\t\t\t\t\t\t<div class=\"elementor-element elementor-element-7b6b29f elementor-widget elementor-widget-text-editor\" data-id=\"7b6b29f\" data-element_type=\"widget\" data-widget_type=\"text-editor.default\">\n\t\t\t\t<div class=\"elementor-widget-container\">\n\t\t\t\t\t\t\t\t\t<p>Wir glauben, dass Technologie f\u00fcr jeden zug\u00e4nglich sein sollte, unabh\u00e4ngig von seinem technischen Fachwissen. Deshalb haben wir Pixellapp benutzerfreundlich und intuitiv gestaltet. Sie m\u00fcssen kein Grafikdesign-Experte sein, um unsere Plattform nutzen zu k\u00f6nnen. Geben Sie einfach Ihre Pr\u00e4ferenzen wie Farbschemata, Stile und Inhalte ein und \u00fcberlassen Sie den Rest unseren KI-Algorithmen. Wenn Sie jedoch mehr praktische Kontrolle bevorzugen, bietet unsere Plattform auch erweiterte Anpassungsoptionen zur Feinabstimmung Ihrer Designs.<\/p>\t\t\t\t\t\t\t\t<\/div>\n\t\t\t\t<\/div>\n\t\t\t\t\t<\/div>\n\t\t<\/div>\n\t\t\t\t\t<\/div>\n\t\t<\/section>\n\t\t\t\t<section class=\"elementor-section elementor-top-section elementor-element elementor-element-a24eaa1 elementor-section-boxed elementor-section-height-default elementor-section-height-default\" data-id=\"a24eaa1\" data-element_type=\"section\">\n\t\t\t\t\t\t<div class=\"elementor-container elementor-column-gap-no\">\n\t\t\t\t\t<div class=\"elementor-column elementor-col-50 elementor-top-column elementor-element elementor-element-7cf841b\" data-id=\"7cf841b\" data-element_type=\"column\">\n\t\t\t<div class=\"elementor-widget-wrap elementor-element-populated\">\n\t\t\t\t\t\t<div class=\"elementor-element elementor-element-af36ef0 elementor-widget elementor-widget-heading\" data-id=\"af36ef0\" data-element_type=\"widget\" data-widget_type=\"heading.default\">\n\t\t\t\t<div class=\"elementor-widget-container\">\n\t\t\t\t\t<h4 class=\"elementor-heading-title elementor-size-default\">Treten Sie der Pixellapp-Community bei<\/h4>\t\t\t\t<\/div>\n\t\t\t\t<\/div>\n\t\t\t\t\t<\/div>\n\t\t<\/div>\n\t\t\t\t<div class=\"elementor-column elementor-col-50 elementor-top-column elementor-element elementor-element-54911f1\" data-id=\"54911f1\" data-element_type=\"column\" data-settings=\"{&quot;background_background&quot;:&quot;classic&quot;}\">\n\t\t\t<div class=\"elementor-widget-wrap elementor-element-populated\">\n\t\t\t\t\t\t<div class=\"elementor-element elementor-element-9a0596c elementor-widget elementor-widget-text-editor\" data-id=\"9a0596c\" data-element_type=\"widget\" data-widget_type=\"text-editor.default\">\n\t\t\t\t<div class=\"elementor-widget-container\">\n\t\t\t\t\t\t\t\t\t<p>Erleben Sie die Kraft des KI-gesteuerten Designs mit Pixellapp. Melden Sie sich noch heute f\u00fcr eine kostenlose Testversion an und erschlie\u00dfen Sie sich eine Welt grenzenloser kreativer M\u00f6glichkeiten. Verwandeln Sie die visuelle Darstellung Ihres Unternehmens und hinterlassen Sie einen bleibenden Eindruck bei Ihrem Publikum.<\/p><p>Sind Sie bereit, Ihre Visuals auf die n\u00e4chste Stufe zu heben? Begleiten Sie uns auf dieser spannenden Reise!<\/p>\t\t\t\t\t\t\t\t<\/div>\n\t\t\t\t<\/div>\n\t\t\t\t\t<\/div>\n\t\t<\/div>\n\t\t\t\t\t<\/div>\n\t\t<\/section>\n\t\t\t\t<\/div>","protected":false},"excerpt":{"rendered":"<p>\u00dcber uns Vision Willkommen bei Pixellapp! Wir sind ein junges und dynamisches Softwareunternehmen, das von einer Leidenschaft f\u00fcr Innovation angetrieben wird. Unsere Mission ist es, die Gesch\u00e4ftswelt zu revolutionieren, indem wir die Leistungsf\u00e4higkeit der k\u00fcnstlichen Intelligenz (KI) nutzen, um atemberaubende Bilder und Grafiken zu erstellen. Unsere Vision Bei Pixellapp glauben wir, dass visuelle Elemente eine entscheidende Rolle spielen [\u2026]<\/p>","protected":false},"author":1,"featured_media":0,"parent":0,"menu_order":0,"comment_status":"closed","ping_status":"closed","template":"","meta":{"site-sidebar-layout":"no-sidebar","site-content-layout":"page-builder","ast-site-content-layout":"default","site-content-style":"default","site-sidebar-style":"default","ast-global-header-display":"","ast-banner-title-visibility":"","ast-main-header-display":"","ast-hfb-above-header-display":"","ast-hfb-below-header-display":"","ast-hfb-mobile-header-display":"","site-post-title":"disabled","ast-breadcrumbs-content":"disabled","ast-featured-img":"disabled","footer-sml-layout":"","theme-transparent-header-meta":"enabled","adv-header-id-meta":"","stick-header-meta":"","header-above-stick-meta":"","header-main-stick-meta":"","header-below-stick-meta":"","astra-migrate-meta-layouts":"default","ast-page-background-enabled":"default","ast-page-background-meta":{"desktop":{"background-color":"","background-image":"","background-repeat":"repeat","background-position":"center center","background-size":"auto","background-attachment":"scroll","background-type":"","background-media":"","overlay-type":"","overlay-color":"","overlay-opacity":"","overlay-gradient":""},"tablet":{"background-color":"","background-image":"","background-repeat":"repeat","background-position":"center center","background-size":"auto","background-attachment":"scroll","background-type":"","background-media":"","overlay-type":"","overlay-color":"","overlay-opacity":"","overlay-gradient":""},"mobile":{"background-color":"","background-image":"","background-repeat":"repeat","background-position":"center center","background-size":"auto","background-attachment":"scroll","background-type":"","background-media":"","overlay-type":"","overlay-color":"","overlay-opacity":"","overlay-gradient":""}},"ast-content-background-meta":{"desktop":{"background-color":"var(--ast-global-color-5)","background-image":"","background-repeat":"repeat","background-position":"center center","background-size":"auto","background-attachment":"scroll","background-type":"","background-media":"","overlay-type":"","overlay-color":"","overlay-opacity":"","overlay-gradient":""},"tablet":{"background-color":"var(--ast-global-color-5)","background-image":"","background-repeat":"repeat","background-position":"center center","background-size":"auto","background-attachment":"scroll","background-type":"","background-media":"","overlay-type":"","overlay-color":"","overlay-opacity":"","overlay-gradient":""},"mobile":{"background-color":"var(--ast-global-color-5)","background-image":"","background-repeat":"repeat","background-position":"center center","background-size":"auto","background-attachment":"scroll","background-type":"","background-media":"","overlay-type":"","overlay-color":"","overlay-opacity":"","overlay-gradient":""}},"footnotes":""},"class_list":["post-14","page","type-page","status-publish","hentry"],"yoast_head":"<!-- This site is optimized with the Yoast SEO plugin v26.2 - https:\/\/yoast.com\/wordpress\/plugins\/seo\/ -->\n<title>About Us - Pixellapp<\/title>\n<meta name=\"robots\" content=\"index, follow, max-snippet:-1, max-image-preview:large, max-video-preview:-1\" \/>\n<link rel=\"canonical\" href=\"https:\/\/pixellapp.com\/de\/about-us\/\" \/>\n<meta property=\"og:locale\" content=\"de_DE\" \/>\n<meta property=\"og:type\" content=\"article\" \/>\n<meta property=\"og:title\" content=\"About Us - Pixellapp\" \/>\n<meta property=\"og:description\" content=\"About Us Vision Welcome to Pixellapp! We are a young and dynamic software company driven by a passion for innovation. Our mission is to revolutionize the world of business by harnessing the power of artificial intelligence (AI) to create stunning images and graphics. Our Vision At Pixellapp, we believe that visuals play a vital role [&hellip;]\" \/>\n<meta property=\"og:url\" content=\"https:\/\/pixellapp.com\/de\/about-us\/\" \/>\n<meta property=\"og:site_name\" content=\"Pixellapp\" \/>\n<meta property=\"article:modified_time\" content=\"2023-06-02T09:06:28+00:00\" \/>\n<meta name=\"twitter:card\" content=\"summary_large_image\" \/>\n<meta name=\"twitter:label1\" content=\"Est. reading time\" \/>\n\t<meta name=\"twitter:data1\" content=\"2 minutes\" \/>\n<script type=\"application\/ld+json\" class=\"yoast-schema-graph\">{\"@context\":\"https:\/\/schema.org\",\"@graph\":[{\"@type\":\"WebPage\",\"@id\":\"https:\/\/pixellapp.com\/about-us\/\",\"url\":\"https:\/\/pixellapp.com\/about-us\/\",\"name\":\"About Us - Pixellapp\",\"isPartOf\":{\"@id\":\"https:\/\/pixellapp.com\/#website\"},\"datePublished\":\"2020-10-29T12:55:34+00:00\",\"dateModified\":\"2023-06-02T09:06:28+00:00\",\"breadcrumb\":{\"@id\":\"https:\/\/pixellapp.com\/about-us\/#breadcrumb\"},\"inLanguage\":\"de-DE\",\"potentialAction\":[{\"@type\":\"ReadAction\",\"target\":[\"https:\/\/pixellapp.com\/about-us\/\"]}]},{\"@type\":\"BreadcrumbList\",\"@id\":\"https:\/\/pixellapp.com\/about-us\/#breadcrumb\",\"itemListElement\":[{\"@type\":\"ListItem\",\"position\":1,\"name\":\"Home\",\"item\":\"https:\/\/pixellapp.com\/\"},{\"@type\":\"ListItem\",\"position\":2,\"name\":\"About Us\"}]},{\"@type\":\"WebSite\",\"@id\":\"https:\/\/pixellapp.com\/#website\",\"url\":\"https:\/\/pixellapp.com\/\",\"name\":\"Pixellapp\",\"description\":\"The artificial intelligence at the service of your business\",\"publisher\":{\"@id\":\"https:\/\/pixellapp.com\/#organization\"},\"potentialAction\":[{\"@type\":\"SearchAction\",\"target\":{\"@type\":\"EntryPoint\",\"urlTemplate\":\"https:\/\/pixellapp.com\/?s={search_term_string}\"},\"query-input\":{\"@type\":\"PropertyValueSpecification\",\"valueRequired\":true,\"valueName\":\"search_term_string\"}}],\"inLanguage\":\"de-DE\"},{\"@type\":\"Organization\",\"@id\":\"https:\/\/pixellapp.com\/#organization\",\"name\":\"Pixellapp\",\"url\":\"https:\/\/pixellapp.com\/\",\"logo\":{\"@type\":\"ImageObject\",\"inLanguage\":\"de-DE\",\"@id\":\"https:\/\/pixellapp.com\/#\/schema\/logo\/image\/\",\"url\":\"https:\/\/pixellapp.com\/wp-content\/uploads\/2023\/05\/Logo-35.png\",\"contentUrl\":\"https:\/\/pixellapp.com\/wp-content\/uploads\/2023\/05\/Logo-35.png\",\"width\":149,\"height\":35,\"caption\":\"Pixellapp\"},\"image\":{\"@id\":\"https:\/\/pixellapp.com\/#\/schema\/logo\/image\/\"}}]}<\/script>\n<!-- \/ Yoast SEO plugin. -->","yoast_head_json":{"title":"\u00dcber uns - Pixellapp","robots":{"index":"index","follow":"follow","max-snippet":"max-snippet:-1","max-image-preview":"max-image-preview:large","max-video-preview":"max-video-preview:-1"},"canonical":"https:\/\/pixellapp.com\/de\/about-us\/","og_locale":"de_DE","og_type":"article","og_title":"About Us - Pixellapp","og_description":"About Us Vision Welcome to Pixellapp! We are a young and dynamic software company driven by a passion for innovation. Our mission is to revolutionize the world of business by harnessing the power of artificial intelligence (AI) to create stunning images and graphics. Our Vision At Pixellapp, we believe that visuals play a vital role [&hellip;]","og_url":"https:\/\/pixellapp.com\/de\/about-us\/","og_site_name":"Pixellapp","article_modified_time":"2023-06-02T09:06:28+00:00","twitter_card":"summary_large_image","twitter_misc":{"Est. reading time":"2 minutes"},"schema":{"@context":"https:\/\/schema.org","@graph":[{"@type":"WebPage","@id":"https:\/\/pixellapp.com\/about-us\/","url":"https:\/\/pixellapp.com\/about-us\/","name":"\u00dcber uns - Pixellapp","isPartOf":{"@id":"https:\/\/pixellapp.com\/#website"},"datePublished":"2020-10-29T12:55:34+00:00","dateModified":"2023-06-02T09:06:28+00:00","breadcrumb":{"@id":"https:\/\/pixellapp.com\/about-us\/#breadcrumb"},"inLanguage":"de-DE","potentialAction":[{"@type":"ReadAction","target":["https:\/\/pixellapp.com\/about-us\/"]}]},{"@type":"BreadcrumbList","@id":"https:\/\/pixellapp.com\/about-us\/#breadcrumb","itemListElement":[{"@type":"ListItem","position":1,"name":"Home","item":"https:\/\/pixellapp.com\/"},{"@type":"ListItem","position":2,"name":"About Us"}]},{"@type":"WebSite","@id":"https:\/\/pixellapp.com\/#website","url":"https:\/\/pixellapp.com\/","name":"Pixellapp","description":"Die k\u00fcnstliche Intelligenz im Dienste Ihres Unternehmens","publisher":{"@id":"https:\/\/pixellapp.com\/#organization"},"potentialAction":[{"@type":"SearchAction","target":{"@type":"EntryPoint","urlTemplate":"https:\/\/pixellapp.com\/?s={search_term_string}"},"query-input":{"@type":"PropertyValueSpecification","valueRequired":true,"valueName":"search_term_string"}}],"inLanguage":"de-DE"},{"@type":"Organization","@id":"https:\/\/pixellapp.com\/#organization","name":"Pixellapp","url":"https:\/\/pixellapp.com\/","logo":{"@type":"ImageObject","inLanguage":"de-DE","@id":"https:\/\/pixellapp.com\/#\/schema\/logo\/image\/","url":"https:\/\/pixellapp.com\/wp-content\/uploads\/2023\/05\/Logo-35.png","contentUrl":"https:\/\/pixellapp.com\/wp-content\/uploads\/2023\/05\/Logo-35.png","width":149,"height":35,"caption":"Pixellapp"},"image":{"@id":"https:\/\/pixellapp.com\/#\/schema\/logo\/image\/"}}]}},"_links":{"self":[{"href":"https:\/\/pixellapp.com\/de\/wp-json\/wp\/v2\/pages\/14","targetHints":{"allow":["GET"]}}],"collection":[{"href":"https:\/\/pixellapp.com\/de\/wp-json\/wp\/v2\/pages"}],"about":[{"href":"https:\/\/pixellapp.com\/de\/wp-json\/wp\/v2\/types\/page"}],"author":[{"embeddable":true,"href":"https:\/\/pixellapp.com\/de\/wp-json\/wp\/v2\/users\/1"}],"replies":[{"embeddable":true,"href":"https:\/\/pixellapp.com\/de\/wp-json\/wp\/v2\/comments?post=14"}],"version-history":[{"count":22,"href":"https:\/\/pixellapp.com\/de\/wp-json\/wp\/v2\/pages\/14\/revisions"}],"predecessor-version":[{"id":848,"href":"https:\/\/pixellapp.com\/de\/wp-json\/wp\/v2\/pages\/14\/revisions\/848"}],"wp:attachment":[{"href":"https:\/\/pixellapp.com\/de\/wp-json\/wp\/v2\/media?parent=14"}],"curies":[{"name":"wp","href":"https:\/\/api.w.org\/{rel}","templated":true}]}}