{"id":14,"date":"2020-10-29T12:55:34","date_gmt":"2020-10-29T12:55:34","guid":{"rendered":"https:\/\/pixellapp.com\/about-us\/"},"modified":"2023-06-02T11:06:28","modified_gmt":"2023-06-02T09:06:28","slug":"about-us","status":"publish","type":"page","link":"https:\/\/pixellapp.com\/es\/about-us\/","title":{"rendered":"Sobre nosotros"},"content":{"rendered":"<div data-elementor-type=\"wp-page\" data-elementor-id=\"14\" class=\"elementor elementor-14\" data-elementor-post-type=\"page\">\n\t\t\t\t\t\t<section class=\"elementor-section elementor-top-section elementor-element elementor-element-371e341 elementor-section-height-min-height elementor-section-items-bottom elementor-section-boxed elementor-section-height-default\" data-id=\"371e341\" data-element_type=\"section\">\n\t\t\t\t\t\t\t<div class=\"elementor-background-overlay\"><\/div>\n\t\t\t\t\t\t\t<div class=\"elementor-container elementor-column-gap-no\">\n\t\t\t\t\t<div class=\"elementor-column elementor-col-50 elementor-top-column elementor-element elementor-element-007f03a\" data-id=\"007f03a\" data-element_type=\"column\">\n\t\t\t<div class=\"elementor-widget-wrap elementor-element-populated\">\n\t\t\t\t\t\t<div class=\"elementor-element elementor-element-4086b8e elementor-widget-divider--view-line elementor-widget elementor-widget-divider\" data-id=\"4086b8e\" data-element_type=\"widget\" data-widget_type=\"divider.default\">\n\t\t\t\t<div class=\"elementor-widget-container\">\n\t\t\t\t\t\t\t<div class=\"elementor-divider\">\n\t\t\t<span class=\"elementor-divider-separator\">\n\t\t\t\t\t\t<\/span>\n\t\t<\/div>\n\t\t\t\t\t\t<\/div>\n\t\t\t\t<\/div>\n\t\t\t\t\t<\/div>\n\t\t<\/div>\n\t\t\t\t<div class=\"elementor-column elementor-col-50 elementor-top-column elementor-element elementor-element-17048ea\" data-id=\"17048ea\" data-element_type=\"column\">\n\t\t\t<div class=\"elementor-widget-wrap elementor-element-populated\">\n\t\t\t\t\t\t<div class=\"elementor-element elementor-element-56886c0 elementor-widget elementor-widget-heading\" data-id=\"56886c0\" data-element_type=\"widget\" data-widget_type=\"heading.default\">\n\t\t\t\t<div class=\"elementor-widget-container\">\n\t\t\t\t\t<h1 class=\"elementor-heading-title elementor-size-default\">Sobre nosotros<br><\/h1>\t\t\t\t<\/div>\n\t\t\t\t<\/div>\n\t\t\t\t\t<\/div>\n\t\t<\/div>\n\t\t\t\t\t<\/div>\n\t\t<\/section>\n\t\t\t\t<section class=\"elementor-section elementor-top-section elementor-element elementor-element-44f99fe elementor-section-boxed elementor-section-height-default elementor-section-height-default\" data-id=\"44f99fe\" data-element_type=\"section\">\n\t\t\t\t\t\t<div class=\"elementor-container elementor-column-gap-no\">\n\t\t\t\t\t<div class=\"elementor-column elementor-col-50 elementor-top-column elementor-element elementor-element-e2a398e\" data-id=\"e2a398e\" data-element_type=\"column\">\n\t\t\t<div class=\"elementor-widget-wrap elementor-element-populated\">\n\t\t\t\t\t\t<div class=\"elementor-element elementor-element-8da031c elementor-widget elementor-widget-heading\" data-id=\"8da031c\" data-element_type=\"widget\" data-widget_type=\"heading.default\">\n\t\t\t\t<div class=\"elementor-widget-container\">\n\t\t\t\t\t<h5 class=\"elementor-heading-title elementor-size-default\">Visi\u00f3n<\/h5>\t\t\t\t<\/div>\n\t\t\t\t<\/div>\n\t\t\t\t\t<\/div>\n\t\t<\/div>\n\t\t\t\t<div class=\"elementor-column elementor-col-50 elementor-top-column elementor-element elementor-element-4207888\" data-id=\"4207888\" data-element_type=\"column\">\n\t\t\t<div class=\"elementor-widget-wrap elementor-element-populated\">\n\t\t\t\t\t\t<div class=\"elementor-element elementor-element-b6c128f elementor-widget elementor-widget-heading\" data-id=\"b6c128f\" data-element_type=\"widget\" data-widget_type=\"heading.default\">\n\t\t\t\t<div class=\"elementor-widget-container\">\n\t\t\t\t\t<h2 class=\"elementor-heading-title elementor-size-default\">\u00a1Bienvenido a Pixellapp!<\/h2>\t\t\t\t<\/div>\n\t\t\t\t<\/div>\n\t\t\t\t<div class=\"elementor-element elementor-element-9b58108 elementor-widget elementor-widget-heading\" data-id=\"9b58108\" data-element_type=\"widget\" data-widget_type=\"heading.default\">\n\t\t\t\t<div class=\"elementor-widget-container\">\n\t\t\t\t\t<p class=\"elementor-heading-title elementor-size-default\">Somos una empresa de software joven y din\u00e1mica impulsada por la pasi\u00f3n por la innovaci\u00f3n. Nuestra misi\u00f3n es revolucionar el mundo de los negocios aprovechando el poder de la inteligencia artificial (IA) para crear im\u00e1genes y gr\u00e1ficos sorprendentes.<\/p>\t\t\t\t<\/div>\n\t\t\t\t<\/div>\n\t\t\t\t\t<\/div>\n\t\t<\/div>\n\t\t\t\t\t<\/div>\n\t\t<\/section>\n\t\t\t\t<section class=\"elementor-section elementor-top-section elementor-element elementor-element-58a2c21 elementor-section-boxed elementor-section-height-default elementor-section-height-default\" data-id=\"58a2c21\" data-element_type=\"section\">\n\t\t\t\t\t\t<div class=\"elementor-container elementor-column-gap-no\">\n\t\t\t\t\t<div class=\"elementor-column elementor-col-50 elementor-top-column elementor-element elementor-element-72c3c00\" data-id=\"72c3c00\" data-element_type=\"column\">\n\t\t\t<div class=\"elementor-widget-wrap elementor-element-populated\">\n\t\t\t\t\t\t<div class=\"elementor-element elementor-element-0855a37 elementor-widget elementor-widget-heading\" data-id=\"0855a37\" data-element_type=\"widget\" data-widget_type=\"heading.default\">\n\t\t\t\t<div class=\"elementor-widget-container\">\n\t\t\t\t\t<h4 class=\"elementor-heading-title elementor-size-default\">Nuestra visi\u00f3n<\/h4>\t\t\t\t<\/div>\n\t\t\t\t<\/div>\n\t\t\t\t\t<\/div>\n\t\t<\/div>\n\t\t\t\t<div class=\"elementor-column elementor-col-50 elementor-top-column elementor-element elementor-element-fdc19b3\" data-id=\"fdc19b3\" data-element_type=\"column\" data-settings=\"{&quot;background_background&quot;:&quot;classic&quot;}\">\n\t\t\t<div class=\"elementor-widget-wrap elementor-element-populated\">\n\t\t\t\t\t\t<div class=\"elementor-element elementor-element-7fde911 elementor-widget elementor-widget-text-editor\" data-id=\"7fde911\" data-element_type=\"widget\" data-widget_type=\"text-editor.default\">\n\t\t\t\t<div class=\"elementor-widget-container\">\n\t\t\t\t\t\t\t\t\t<p>En Pixellapp, creemos que las im\u00e1genes juegan un papel vital en el \u00e9xito de cualquier negocio. Entendemos la importancia de los dise\u00f1os cautivadores y las im\u00e1genes convincentes para causar una impresi\u00f3n duradera en su p\u00fablico objetivo. Con esto en mente, hemos desarrollado una plataforma innovadora impulsada por IA que permite a las empresas crear sin esfuerzo im\u00e1genes de alta calidad para sus necesidades de marketing y desarrollo de marca.<\/p>\t\t\t\t\t\t\t\t<\/div>\n\t\t\t\t<\/div>\n\t\t\t\t\t<\/div>\n\t\t<\/div>\n\t\t\t\t\t<\/div>\n\t\t<\/section>\n\t\t\t\t<section class=\"elementor-section elementor-top-section elementor-element elementor-element-ec0e4cb elementor-section-boxed elementor-section-height-default elementor-section-height-default\" data-id=\"ec0e4cb\" data-element_type=\"section\">\n\t\t\t\t\t\t<div class=\"elementor-container elementor-column-gap-no\">\n\t\t\t\t\t<div class=\"elementor-column elementor-col-50 elementor-top-column elementor-element elementor-element-9b97def\" data-id=\"9b97def\" data-element_type=\"column\">\n\t\t\t<div class=\"elementor-widget-wrap elementor-element-populated\">\n\t\t\t\t\t\t<div class=\"elementor-element elementor-element-c3b4336 elementor-widget elementor-widget-heading\" data-id=\"c3b4336\" data-element_type=\"widget\" data-widget_type=\"heading.default\">\n\t\t\t\t<div class=\"elementor-widget-container\">\n\t\t\t\t\t<h4 class=\"elementor-heading-title elementor-size-default\">Tecnolog\u00eda de inteligencia artificial de vanguardia<\/h4>\t\t\t\t<\/div>\n\t\t\t\t<\/div>\n\t\t\t\t\t<\/div>\n\t\t<\/div>\n\t\t\t\t<div class=\"elementor-column elementor-col-50 elementor-top-column elementor-element elementor-element-ec27db3\" data-id=\"ec27db3\" data-element_type=\"column\" data-settings=\"{&quot;background_background&quot;:&quot;classic&quot;}\">\n\t\t\t<div class=\"elementor-widget-wrap elementor-element-populated\">\n\t\t\t\t\t\t<div class=\"elementor-element elementor-element-ec4a6f8 elementor-widget elementor-widget-text-editor\" data-id=\"ec4a6f8\" data-element_type=\"widget\" data-widget_type=\"text-editor.default\">\n\t\t\t\t<div class=\"elementor-widget-container\">\n\t\t\t\t\t\t\t\t\t<p>En Pixellapp, creemos que las im\u00e1genes juegan un papel vital en el \u00e9xito de cualquier negocio. Entendemos la importancia de los dise\u00f1os cautivadores y las im\u00e1genes convincentes para causar una impresi\u00f3n duradera en su p\u00fablico objetivo. Con esto en mente, hemos desarrollado una plataforma innovadora impulsada por IA que permite a las empresas crear sin esfuerzo im\u00e1genes de alta calidad para sus necesidades de marketing y desarrollo de marca.<\/p>\t\t\t\t\t\t\t\t<\/div>\n\t\t\t\t<\/div>\n\t\t\t\t\t<\/div>\n\t\t<\/div>\n\t\t\t\t\t<\/div>\n\t\t<\/section>\n\t\t\t\t<section class=\"elementor-section elementor-top-section elementor-element elementor-element-5cb4418 elementor-section-boxed elementor-section-height-default elementor-section-height-default\" data-id=\"5cb4418\" data-element_type=\"section\">\n\t\t\t\t\t\t<div class=\"elementor-container elementor-column-gap-no\">\n\t\t\t\t\t<div class=\"elementor-column elementor-col-50 elementor-top-column elementor-element elementor-element-5591de3\" data-id=\"5591de3\" data-element_type=\"column\">\n\t\t\t<div class=\"elementor-widget-wrap elementor-element-populated\">\n\t\t\t\t\t\t<div class=\"elementor-element elementor-element-19ea4da elementor-widget elementor-widget-heading\" data-id=\"19ea4da\" data-element_type=\"widget\" data-widget_type=\"heading.default\">\n\t\t\t\t<div class=\"elementor-widget-container\">\n\t\t\t\t\t<h4 class=\"elementor-heading-title elementor-size-default\">Facilidad de uso y personalizaci\u00f3n<\/h4>\t\t\t\t<\/div>\n\t\t\t\t<\/div>\n\t\t\t\t\t<\/div>\n\t\t<\/div>\n\t\t\t\t<div class=\"elementor-column elementor-col-50 elementor-top-column elementor-element elementor-element-9f906f2\" data-id=\"9f906f2\" data-element_type=\"column\" data-settings=\"{&quot;background_background&quot;:&quot;classic&quot;}\">\n\t\t\t<div class=\"elementor-widget-wrap elementor-element-populated\">\n\t\t\t\t\t\t<div class=\"elementor-element elementor-element-7b6b29f elementor-widget elementor-widget-text-editor\" data-id=\"7b6b29f\" data-element_type=\"widget\" data-widget_type=\"text-editor.default\">\n\t\t\t\t<div class=\"elementor-widget-container\">\n\t\t\t\t\t\t\t\t\t<p>Creemos que la tecnolog\u00eda debe ser accesible para todos, independientemente de su experiencia t\u00e9cnica. Es por eso que hemos dise\u00f1ado Pixellapp para que sea f\u00e1cil de usar e intuitivo. No es necesario ser un experto en dise\u00f1o gr\u00e1fico para utilizar nuestra plataforma. Simplemente ingrese sus preferencias, como esquemas de color, estilos y contenido, y deje que nuestros algoritmos de IA hagan el resto. Sin embargo, si prefiere un control m\u00e1s pr\u00e1ctico, nuestra plataforma tambi\u00e9n ofrece opciones de personalizaci\u00f3n avanzadas para que pueda ajustar sus dise\u00f1os.<\/p>\t\t\t\t\t\t\t\t<\/div>\n\t\t\t\t<\/div>\n\t\t\t\t\t<\/div>\n\t\t<\/div>\n\t\t\t\t\t<\/div>\n\t\t<\/section>\n\t\t\t\t<section class=\"elementor-section elementor-top-section elementor-element elementor-element-a24eaa1 elementor-section-boxed elementor-section-height-default elementor-section-height-default\" data-id=\"a24eaa1\" data-element_type=\"section\">\n\t\t\t\t\t\t<div class=\"elementor-container elementor-column-gap-no\">\n\t\t\t\t\t<div class=\"elementor-column elementor-col-50 elementor-top-column elementor-element elementor-element-7cf841b\" data-id=\"7cf841b\" data-element_type=\"column\">\n\t\t\t<div class=\"elementor-widget-wrap elementor-element-populated\">\n\t\t\t\t\t\t<div class=\"elementor-element elementor-element-af36ef0 elementor-widget elementor-widget-heading\" data-id=\"af36ef0\" data-element_type=\"widget\" data-widget_type=\"heading.default\">\n\t\t\t\t<div class=\"elementor-widget-container\">\n\t\t\t\t\t<h4 class=\"elementor-heading-title elementor-size-default\">\u00danete a la comunidad Pixellapp<\/h4>\t\t\t\t<\/div>\n\t\t\t\t<\/div>\n\t\t\t\t\t<\/div>\n\t\t<\/div>\n\t\t\t\t<div class=\"elementor-column elementor-col-50 elementor-top-column elementor-element elementor-element-54911f1\" data-id=\"54911f1\" data-element_type=\"column\" data-settings=\"{&quot;background_background&quot;:&quot;classic&quot;}\">\n\t\t\t<div class=\"elementor-widget-wrap elementor-element-populated\">\n\t\t\t\t\t\t<div class=\"elementor-element elementor-element-9a0596c elementor-widget elementor-widget-text-editor\" data-id=\"9a0596c\" data-element_type=\"widget\" data-widget_type=\"text-editor.default\">\n\t\t\t\t<div class=\"elementor-widget-container\">\n\t\t\t\t\t\t\t\t\t<p>Experimente el poder del dise\u00f1o impulsado por IA con Pixellapp. Reg\u00edstrese para una prueba gratuita hoy y desbloquee un mundo de posibilidades creativas ilimitadas. Transforme las im\u00e1genes de su negocio y tenga un impacto duradero en su audiencia.<\/p><p>\u00bfEst\u00e1s listo para llevar tus im\u00e1genes al siguiente nivel? \u00a1\u00danete a nosotros en este emocionante viaje!<\/p>\t\t\t\t\t\t\t\t<\/div>\n\t\t\t\t<\/div>\n\t\t\t\t\t<\/div>\n\t\t<\/div>\n\t\t\t\t\t<\/div>\n\t\t<\/section>\n\t\t\t\t<\/div>","protected":false},"excerpt":{"rendered":"<p>Acerca de nosotros Visi\u00f3n \u00a1Bienvenido a Pixellapp! Somos una empresa de software joven y din\u00e1mica impulsada por la pasi\u00f3n por la innovaci\u00f3n. Nuestra misi\u00f3n es revolucionar el mundo de los negocios aprovechando el poder de la inteligencia artificial (IA) para crear im\u00e1genes y gr\u00e1ficos impresionantes. Nuestra visi\u00f3n En Pixellapp, creemos que las im\u00e1genes juegan un papel vital [\u2026]<\/p>","protected":false},"author":1,"featured_media":0,"parent":0,"menu_order":0,"comment_status":"closed","ping_status":"closed","template":"","meta":{"site-sidebar-layout":"no-sidebar","site-content-layout":"page-builder","ast-site-content-layout":"default","site-content-style":"default","site-sidebar-style":"default","ast-global-header-display":"","ast-banner-title-visibility":"","ast-main-header-display":"","ast-hfb-above-header-display":"","ast-hfb-below-header-display":"","ast-hfb-mobile-header-display":"","site-post-title":"disabled","ast-breadcrumbs-content":"disabled","ast-featured-img":"disabled","footer-sml-layout":"","theme-transparent-header-meta":"enabled","adv-header-id-meta":"","stick-header-meta":"","header-above-stick-meta":"","header-main-stick-meta":"","header-below-stick-meta":"","astra-migrate-meta-layouts":"default","ast-page-background-enabled":"default","ast-page-background-meta":{"desktop":{"background-color":"","background-image":"","background-repeat":"repeat","background-position":"center center","background-size":"auto","background-attachment":"scroll","background-type":"","background-media":"","overlay-type":"","overlay-color":"","overlay-opacity":"","overlay-gradient":""},"tablet":{"background-color":"","background-image":"","background-repeat":"repeat","background-position":"center center","background-size":"auto","background-attachment":"scroll","background-type":"","background-media":"","overlay-type":"","overlay-color":"","overlay-opacity":"","overlay-gradient":""},"mobile":{"background-color":"","background-image":"","background-repeat":"repeat","background-position":"center center","background-size":"auto","background-attachment":"scroll","background-type":"","background-media":"","overlay-type":"","overlay-color":"","overlay-opacity":"","overlay-gradient":""}},"ast-content-background-meta":{"desktop":{"background-color":"var(--ast-global-color-5)","background-image":"","background-repeat":"repeat","background-position":"center center","background-size":"auto","background-attachment":"scroll","background-type":"","background-media":"","overlay-type":"","overlay-color":"","overlay-opacity":"","overlay-gradient":""},"tablet":{"background-color":"var(--ast-global-color-5)","background-image":"","background-repeat":"repeat","background-position":"center center","background-size":"auto","background-attachment":"scroll","background-type":"","background-media":"","overlay-type":"","overlay-color":"","overlay-opacity":"","overlay-gradient":""},"mobile":{"background-color":"var(--ast-global-color-5)","background-image":"","background-repeat":"repeat","background-position":"center center","background-size":"auto","background-attachment":"scroll","background-type":"","background-media":"","overlay-type":"","overlay-color":"","overlay-opacity":"","overlay-gradient":""}},"footnotes":""},"class_list":["post-14","page","type-page","status-publish","hentry"],"yoast_head":"<!-- This site is optimized with the Yoast SEO plugin v26.2 - https:\/\/yoast.com\/wordpress\/plugins\/seo\/ -->\n<title>About Us - Pixellapp<\/title>\n<meta name=\"robots\" content=\"index, follow, max-snippet:-1, max-image-preview:large, max-video-preview:-1\" \/>\n<link rel=\"canonical\" href=\"https:\/\/pixellapp.com\/es\/about-us\/\" \/>\n<meta property=\"og:locale\" content=\"es_ES\" \/>\n<meta property=\"og:type\" content=\"article\" \/>\n<meta property=\"og:title\" content=\"About Us - Pixellapp\" \/>\n<meta property=\"og:description\" content=\"About Us Vision Welcome to Pixellapp! We are a young and dynamic software company driven by a passion for innovation. Our mission is to revolutionize the world of business by harnessing the power of artificial intelligence (AI) to create stunning images and graphics. Our Vision At Pixellapp, we believe that visuals play a vital role [&hellip;]\" \/>\n<meta property=\"og:url\" content=\"https:\/\/pixellapp.com\/es\/about-us\/\" \/>\n<meta property=\"og:site_name\" content=\"Pixellapp\" \/>\n<meta property=\"article:modified_time\" content=\"2023-06-02T09:06:28+00:00\" \/>\n<meta name=\"twitter:card\" content=\"summary_large_image\" \/>\n<meta name=\"twitter:label1\" content=\"Est. reading time\" \/>\n\t<meta name=\"twitter:data1\" content=\"2 minutes\" \/>\n<script type=\"application\/ld+json\" class=\"yoast-schema-graph\">{\"@context\":\"https:\/\/schema.org\",\"@graph\":[{\"@type\":\"WebPage\",\"@id\":\"https:\/\/pixellapp.com\/about-us\/\",\"url\":\"https:\/\/pixellapp.com\/about-us\/\",\"name\":\"About Us - Pixellapp\",\"isPartOf\":{\"@id\":\"https:\/\/pixellapp.com\/#website\"},\"datePublished\":\"2020-10-29T12:55:34+00:00\",\"dateModified\":\"2023-06-02T09:06:28+00:00\",\"breadcrumb\":{\"@id\":\"https:\/\/pixellapp.com\/about-us\/#breadcrumb\"},\"inLanguage\":\"es-ES\",\"potentialAction\":[{\"@type\":\"ReadAction\",\"target\":[\"https:\/\/pixellapp.com\/about-us\/\"]}]},{\"@type\":\"BreadcrumbList\",\"@id\":\"https:\/\/pixellapp.com\/about-us\/#breadcrumb\",\"itemListElement\":[{\"@type\":\"ListItem\",\"position\":1,\"name\":\"Home\",\"item\":\"https:\/\/pixellapp.com\/\"},{\"@type\":\"ListItem\",\"position\":2,\"name\":\"About Us\"}]},{\"@type\":\"WebSite\",\"@id\":\"https:\/\/pixellapp.com\/#website\",\"url\":\"https:\/\/pixellapp.com\/\",\"name\":\"Pixellapp\",\"description\":\"The artificial intelligence at the service of your business\",\"publisher\":{\"@id\":\"https:\/\/pixellapp.com\/#organization\"},\"potentialAction\":[{\"@type\":\"SearchAction\",\"target\":{\"@type\":\"EntryPoint\",\"urlTemplate\":\"https:\/\/pixellapp.com\/?s={search_term_string}\"},\"query-input\":{\"@type\":\"PropertyValueSpecification\",\"valueRequired\":true,\"valueName\":\"search_term_string\"}}],\"inLanguage\":\"es-ES\"},{\"@type\":\"Organization\",\"@id\":\"https:\/\/pixellapp.com\/#organization\",\"name\":\"Pixellapp\",\"url\":\"https:\/\/pixellapp.com\/\",\"logo\":{\"@type\":\"ImageObject\",\"inLanguage\":\"es-ES\",\"@id\":\"https:\/\/pixellapp.com\/#\/schema\/logo\/image\/\",\"url\":\"https:\/\/pixellapp.com\/wp-content\/uploads\/2023\/05\/Logo-35.png\",\"contentUrl\":\"https:\/\/pixellapp.com\/wp-content\/uploads\/2023\/05\/Logo-35.png\",\"width\":149,\"height\":35,\"caption\":\"Pixellapp\"},\"image\":{\"@id\":\"https:\/\/pixellapp.com\/#\/schema\/logo\/image\/\"}}]}<\/script>\n<!-- \/ Yoast SEO plugin. -->","yoast_head_json":{"title":"Sobre nosotros - Pixellapp","robots":{"index":"index","follow":"follow","max-snippet":"max-snippet:-1","max-image-preview":"max-image-preview:large","max-video-preview":"max-video-preview:-1"},"canonical":"https:\/\/pixellapp.com\/es\/about-us\/","og_locale":"es_ES","og_type":"article","og_title":"About Us - Pixellapp","og_description":"About Us Vision Welcome to Pixellapp! We are a young and dynamic software company driven by a passion for innovation. Our mission is to revolutionize the world of business by harnessing the power of artificial intelligence (AI) to create stunning images and graphics. Our Vision At Pixellapp, we believe that visuals play a vital role [&hellip;]","og_url":"https:\/\/pixellapp.com\/es\/about-us\/","og_site_name":"Pixellapp","article_modified_time":"2023-06-02T09:06:28+00:00","twitter_card":"summary_large_image","twitter_misc":{"Est. reading time":"2 minutes"},"schema":{"@context":"https:\/\/schema.org","@graph":[{"@type":"WebPage","@id":"https:\/\/pixellapp.com\/about-us\/","url":"https:\/\/pixellapp.com\/about-us\/","name":"Sobre nosotros - Pixellapp","isPartOf":{"@id":"https:\/\/pixellapp.com\/#website"},"datePublished":"2020-10-29T12:55:34+00:00","dateModified":"2023-06-02T09:06:28+00:00","breadcrumb":{"@id":"https:\/\/pixellapp.com\/about-us\/#breadcrumb"},"inLanguage":"es-ES","potentialAction":[{"@type":"ReadAction","target":["https:\/\/pixellapp.com\/about-us\/"]}]},{"@type":"BreadcrumbList","@id":"https:\/\/pixellapp.com\/about-us\/#breadcrumb","itemListElement":[{"@type":"ListItem","position":1,"name":"Home","item":"https:\/\/pixellapp.com\/"},{"@type":"ListItem","position":2,"name":"About Us"}]},{"@type":"WebSite","@id":"https:\/\/pixellapp.com\/#website","url":"https:\/\/pixellapp.com\/","name":"pixelapp","description":"La inteligencia artificial al servicio de tu negocio","publisher":{"@id":"https:\/\/pixellapp.com\/#organization"},"potentialAction":[{"@type":"SearchAction","target":{"@type":"EntryPoint","urlTemplate":"https:\/\/pixellapp.com\/?s={search_term_string}"},"query-input":{"@type":"PropertyValueSpecification","valueRequired":true,"valueName":"search_term_string"}}],"inLanguage":"es-ES"},{"@type":"Organization","@id":"https:\/\/pixellapp.com\/#organization","name":"pixelapp","url":"https:\/\/pixellapp.com\/","logo":{"@type":"ImageObject","inLanguage":"es-ES","@id":"https:\/\/pixellapp.com\/#\/schema\/logo\/image\/","url":"https:\/\/pixellapp.com\/wp-content\/uploads\/2023\/05\/Logo-35.png","contentUrl":"https:\/\/pixellapp.com\/wp-content\/uploads\/2023\/05\/Logo-35.png","width":149,"height":35,"caption":"Pixellapp"},"image":{"@id":"https:\/\/pixellapp.com\/#\/schema\/logo\/image\/"}}]}},"_links":{"self":[{"href":"https:\/\/pixellapp.com\/es\/wp-json\/wp\/v2\/pages\/14","targetHints":{"allow":["GET"]}}],"collection":[{"href":"https:\/\/pixellapp.com\/es\/wp-json\/wp\/v2\/pages"}],"about":[{"href":"https:\/\/pixellapp.com\/es\/wp-json\/wp\/v2\/types\/page"}],"author":[{"embeddable":true,"href":"https:\/\/pixellapp.com\/es\/wp-json\/wp\/v2\/users\/1"}],"replies":[{"embeddable":true,"href":"https:\/\/pixellapp.com\/es\/wp-json\/wp\/v2\/comments?post=14"}],"version-history":[{"count":22,"href":"https:\/\/pixellapp.com\/es\/wp-json\/wp\/v2\/pages\/14\/revisions"}],"predecessor-version":[{"id":848,"href":"https:\/\/pixellapp.com\/es\/wp-json\/wp\/v2\/pages\/14\/revisions\/848"}],"wp:attachment":[{"href":"https:\/\/pixellapp.com\/es\/wp-json\/wp\/v2\/media?parent=14"}],"curies":[{"name":"wp","href":"https:\/\/api.w.org\/{rel}","templated":true}]}}